{"id":435,"date":"2024-11-12T10:13:58","date_gmt":"2024-11-12T09:13:58","guid":{"rendered":"https:\/\/www.catedrapirineus.org\/?page_id=435"},"modified":"2025-04-01T15:22:39","modified_gmt":"2025-04-01T13:22:39","slug":"politica-de-cookies","status":"publish","type":"page","link":"https:\/\/www.catedrapirineus.org\/es\/politica-de-cookies\/","title":{"rendered":"Pol\u00edtica de cookies"},"content":{"rendered":"\r\n<h2 class=\"wp-block-heading\">Definici\u00f3n y funci\u00f3n de las cookies y de los p\u00edxeles invisibles<\/h2>\r\n\r\n\r\n\r\n<p>Las cookies son datos, generalmente en archivos de texto, que las p\u00e1ginas web colocan en los\u00a0\u00a0 dispositivos con los que los usuarios acceden al sitio web, con la funci\u00f3n de almacenar informaci\u00f3n con la que los sitios web puedan mejorar la experiencia de navegaci\u00f3n, porque recuerdan el identificador, las preferencias, las acciones que se hayan realizado anteriormente, etc.<\/p>\r\n<p>Un p\u00edxel invisible es una imagen no visible con una l\u00ednea de c\u00f3digo insertada en nuestra p\u00e1gina web que permite realizar seguimientos de la navegaci\u00f3n de los usuarios a trav\u00e9s de la propia web o p\u00e1ginas web de terceros. Estos elementos pueden utilizarse para llevar a cabo mediciones y seguimientos de uso o para la obtenci\u00f3n de datos agregados sobre el tr\u00e1fico y la interacci\u00f3n del sitio web, con el fin de ofrecer publicidad personalizada, identificar tendencias y obtener estad\u00edsticas para la mejora de la p\u00e1gina web.<\/p>\r\n<p>A trav\u00e9s de las\u00a0cookies\u00a0y de los p\u00edxeles invisibles podemos recopilar la siguiente informaci\u00f3n: diversos identificadores (\u00fanico de las\u00a0cookies, \u00fanico del dispositivo, adem\u00e1s de informaci\u00f3n adicional como el tipo), direcci\u00f3n IP, dominio, tipo de navegador, idioma, pa\u00eds y zona horaria, informaci\u00f3n de\u00a0cookies, p\u00e1ginas web visitadas, informaci\u00f3n sobre la interacci\u00f3n en la p\u00e1gina, tiempo de acceso o URL.<\/p>\r\n\r\n\r\n\r\n<h2 class=\"wp-block-heading\">Comunicaci\u00f3n y transferencia de los datos<\/h2>\r\n\r\n\r\n\r\n<p>Los datos obtenidos a trav\u00e9s de las\u00a0cookies\u00a0y p\u00edxeles invisibles tambi\u00e9n pueden ser recopilados por terceros mediante su dispositivo y\/o navegador desde nuestra p\u00e1gina web, tambi\u00e9n con conectores (plug-ins) o\u00a0widgets.\u00a0 El tratamiento de estos datos estar\u00e1 sujeto a las pol\u00edticas de privacidad y de\u00a0cookies\u00a0propias de estos terceros. Puede obtener m\u00e1s informaci\u00f3n de estas\u00a0cookies\u00a0en la tabla descriptiva contenida en este documento. Tambi\u00e9n puede averiguar cu\u00e1les son estos terceros instalando un conector del navegador espec\u00edfico para este prop\u00f3sito.<\/p>\r\n\r\n\r\n\r\n<h2 class=\"wp-block-heading\">Configuraci\u00f3n o desactivaci\u00f3n de las cookies<\/h2>\r\n\r\n\r\n\r\n<p>Puede modificar las preferencias, para eliminar determinadas\u00a0cookies\u00a0o evitar que se guarden sin su consentimiento, desde el panel de configuraci\u00f3n de las\u00a0cookies\u00a0de la web de la UdL.\u00a0\u00a0\u00a0\u00a0 Tambi\u00e9n puede desactivar las\u00a0cookies\u00a0mediante la configuraci\u00f3n de cada uno de los navegadores y dispositivos que utilice. Para saber c\u00f3mo modificar las\u00a0cookies\u00a0consulte el men\u00fa de ayuda del navegador<\/p>\r\n\r\n\r\n\r\n<p><a href=\"https:\/\/support.google.com\/chrome\/answer\/95647?hl=ca\" target=\"_blank\" rel=\"noreferrer noopener\">Chrome<\/a> | <a href=\"https:\/\/support.mozilla.org\/ca\/kb\/activa-i-desactiva-les-galetes-que-les-pagines-web\" target=\"_blank\" rel=\"noreferrer noopener\">Firefox<\/a> | <a href=\"https:\/\/support.microsoft.com\/es-es\/windows\/administrar-cookies-en-microsoft-edge-ver-permitir-bloquear-eliminar-y-usar-168dab11-0753-043d-7c16-ede5947fc64d\" target=\"_blank\" rel=\"noreferrer noopener\">Explorer<\/a> | <a href=\"https:\/\/support.microsoft.com\/es-es\/windows\/administrar-cookies-en-microsoft-edge-ver-permitir-bloquear-eliminar-y-usar-168dab11-0753-043d-7c16-ede5947fc64d\" target=\"_blank\" rel=\"noreferrer noopener\">Edge<\/a> | <a href=\"https:\/\/support.apple.com\/kb\/index?page=search&amp;q=gestionar%20cookies&amp;product=&amp;doctype=&amp;currentPage=1&amp;includeArchived=false&amp;locale=es_ES\" target=\"_blank\" rel=\"noreferrer noopener\">Safari<\/a> | <a href=\"https:\/\/support.apple.com\/kb\/index?page=search&amp;q=gestionar%20cookies&amp;product=&amp;doctype=&amp;currentPage=1&amp;includeArchived=false&amp;locale=es_ES\" target=\"_blank\" rel=\"noopener\">Safari para iPhone e iPad<\/a> | <a href=\"https:\/\/help.opera.com\/en\/latest\/web-preferences\/#cookies\" target=\"_blank\" rel=\"noreferrer noopener\">Opera<\/a> | <a href=\"https:\/\/support.google.com\/accounts\/answer\/61416?co=GENIE.Platform%3DAndroid&amp;hl=es&amp;oco=1\" target=\"_blank\" rel=\"noopener\">Chrome para Android<\/a> | <a href=\"https:\/\/support.google.com\/accounts\/answer\/61416?co=GENIE.Platform%3DiOS&amp;hl=es&amp;oco=1\" target=\"_blank\" rel=\"noopener\">Chrome para iPhone e iPad<\/a><\/p>\r\n\r\n\r\n\r\n<p>Para deshabilitar las cookies de Google Analytics haga clic\u00a0<a href=\"https:\/\/tools.google.com\/dlpage\/gaoptout?hl=es\" target=\"_blank\" rel=\"noreferrer noopener\">aqu\u00ed<\/a>.<\/p>\r\n\r\n\r\n\r\n<p>Tenga en cuenta que si inhabilita o desactiva las\u00a0cookies\u00a0probablemente no tenga acceso a muchas funciones que mejoran la eficiencia de la p\u00e1gina web, y es posible que alguno de nuestros servicios no funcione correctamente.<\/p>\r\n\r\n\r\n\r\n<h2 class=\"wp-block-heading\">Tipolog\u00eda de cookies de la web de la UdL<\/h2>\r\n\r\n\r\n\r\n<p><strong>Nuestra p\u00e1gina web utiliza las siguientes categor\u00edas de\u00a0cookies:<\/strong><\/p>\r\n\r\n\r\n\r\n<p><strong>Cookies\u00a0t\u00e9cnicas\u00a0(estrictamente necesarias):<\/strong> son las imprescindibles y estrictamente necesarias para el funcionamiento correcto de la p\u00e1gina web y el uso de las diferentes opciones y servicios que ofrece.<\/p>\r\n\r\n\r\n\r\n<p><strong>Seg\u00fan el periodo de tiempo que est\u00e1n activas:<\/strong><\/p>\r\n\r\n\r\n\r\n<p><strong>Cookies\u00a0de sesi\u00f3n:<\/strong> son un tipo de\u00a0cookies\u00a0dise\u00f1adas para pedir y almacenar datos mientras se accede a nuestra web que se mantienen en el archivo de\u00a0cookies\u00a0del navegador hasta que se abandona la p\u00e1gina (por ejemplo, las\u00a0cookies\u00a0de identificaci\u00f3n).<\/p>\r\n\r\n\r\n\r\n<p><strong>Cookies\u00a0persistentes:<\/strong> son un tipo de\u00a0cookies\u00a0en las que los datos siguen almacenados en el terminal, y se puede acceder a ellos y se pueden tratar durante un periodo determinado de tiempo.<\/p>\r\n\r\n\r\n\r\n<p><strong>Seg\u00fan su finalidad y la entidad que las gestiona:<\/strong><\/p>\r\n\r\n\r\n\r\n<p><strong>Cookies\u00a0de terceros:<\/strong> son aquellas que se env\u00edan al ordenador o terminal desde un dominio o una p\u00e1gina web que no est\u00e1 gestionada por nosotros, sino por una entidad colaboradora. Por ejemplo, las usadas por Google, que instala\u00a0cookies\u00a0que nos ayudan a analizar el funcionamiento de nuestro sitio web y mejorar la efectividad de nuestras campa\u00f1as de marketing.<\/p>\r\n\r\n\r\n\r\n<p><strong>Cookies de an\u00e1lisis y de rendimiento:<\/strong> son aquellas que, tratadas por nosotros o bien por terceros, nos permiten cuantificar el n\u00famero de usuarios y realizar el an\u00e1lisis estad\u00edstico del uso que hacen los usuarios de nuestro web. Por ello, analizamos la navegaci\u00f3n en nuestra p\u00e1gina web con la finalidad de mejorar la oferta de productos o servicios que ofrecemos.<\/p>\r\n\r\n\r\n\r\n<p>Algunos ejemplos:<br \/>El n\u00famero de visitantes \u00fanicos de cada p\u00e1gina\/secci\u00f3n, que se utiliza para realizar un recuento de las veces en las que un usuario visita el sitio, as\u00ed como la primera y la \u00faltima vez de la visita. Esto ayuda a conocer las \u00e1reas de m\u00e1s \u00e9xito y a aumentar y mejorar su contenido, para que los usuarios obtengan una experiencia y un servicio m\u00e1s satisfactorios.<\/p>\r\n\r\n\r\n\r\n<p>La fecha y hora de acceso a nuestro web, para permitir conocer las horas de m\u00e1s afluencia, y realizar los ajustes precisos para evitar problemas de saturaci\u00f3n en las horas punta.<\/p>\r\n\r\n\r\n\r\n<p>La fuente de tr\u00e1fico, que registra el origen de los usuarios, es decir, la direcci\u00f3n de internet desde la que parte el enlace que dirige a nuestro web, con el objetivo de potenciar los diferentes enlaces y\u00a0banners\u00a0que apuntan a nuestro servidor y que ofrecen mejores resultados.<\/p>\r\n\r\n\r\n\r\n<p><strong>Cookies\u00a0publicitarias:<\/strong> son aquellas que permiten la gesti\u00f3n, de la manera m\u00e1s eficaz posible, de los espacios publicitarios que, en su caso, se hayan incluido en la p\u00e1gina web, aplicaci\u00f3n o plataforma desde la que se prestan los servicios.<\/p>\r\n\r\n\r\n\r\n<p><strong>Cookies\u00a0sociales:<\/strong> son aquellas que interact\u00faan con las redes sociales externas (Facebook, Google, Twitter, YouTube, Instagram, etc.) y que tienen la funci\u00f3n de controlar la interacci\u00f3n con los\u00a0widgets\u00a0sociales dentro del web.<\/p>\r\n\r\n\r\n\r\n<h2 class=\"wp-block-heading\">Tabla descriptiva de las cookies<\/h2>\r\n\r\n\r\n\r\n<p><a href=\"https:\/\/www.udl.cat\/export\/sites\/universitat-lleida\/ca\/.galleries\/docs\/Scan_cookies_UdL.pdf\" rel=\"noopener\">Tabla de cookies utilizadas por la Universidad de Lleida<\/a><br \/>* Tabla sujeta a actualizaciones<\/p>\r\n","protected":false},"excerpt":{"rendered":"<p>Definici\u00f3n y funci\u00f3n de las cookies y de los p\u00edxeles invisibles Las cookies son datos, generalmente en archivos de texto, que las p\u00e1ginas web colocan en los\u00a0\u00a0 dispositivos con los que los usuarios acceden al sitio web, con la funci\u00f3n de almacenar informaci\u00f3n con la que los sitios web puedan mejorar la experiencia de navegaci\u00f3n, [&hellip;]<\/p>\n","protected":false},"author":1,"featured_media":0,"parent":0,"menu_order":0,"comment_status":"closed","ping_status":"closed","template":"","meta":{"_acf_changed":false,"editor_notices":[],"footnotes":""},"class_list":["post-435","page","type-page","status-publish","hentry"],"acf":[],"_links":{"self":[{"href":"https:\/\/www.catedrapirineus.org\/es\/wp-json\/wp\/v2\/pages\/435","targetHints":{"allow":["GET"]}}],"collection":[{"href":"https:\/\/www.catedrapirineus.org\/es\/wp-json\/wp\/v2\/pages"}],"about":[{"href":"https:\/\/www.catedrapirineus.org\/es\/wp-json\/wp\/v2\/types\/page"}],"author":[{"embeddable":true,"href":"https:\/\/www.catedrapirineus.org\/es\/wp-json\/wp\/v2\/users\/1"}],"replies":[{"embeddable":true,"href":"https:\/\/www.catedrapirineus.org\/es\/wp-json\/wp\/v2\/comments?post=435"}],"version-history":[{"count":5,"href":"https:\/\/www.catedrapirineus.org\/es\/wp-json\/wp\/v2\/pages\/435\/revisions"}],"predecessor-version":[{"id":1534,"href":"https:\/\/www.catedrapirineus.org\/es\/wp-json\/wp\/v2\/pages\/435\/revisions\/1534"}],"wp:attachment":[{"href":"https:\/\/www.catedrapirineus.org\/es\/wp-json\/wp\/v2\/media?parent=435"}],"curies":[{"name":"wp","href":"https:\/\/api.w.org\/{rel}","templated":true}]}}