{"id":23,"date":"2024-11-09T09:21:01","date_gmt":"2024-11-09T08:21:01","guid":{"rendered":"https:\/\/www.catedrapirineus.org\/?page_id=23"},"modified":"2025-11-26T13:00:51","modified_gmt":"2025-11-26T12:00:51","slug":"premios","status":"publish","type":"page","link":"https:\/\/www.catedrapirineus.org\/es\/premios\/","title":{"rendered":"Premios"},"content":{"rendered":"\r\n<p>Los Premios <em>C\u00e0tedra Pirineus UdL<\/em> tienen como objetivo reconocer los trabajos de investigaci\u00f3n realizados en el \u00e1mbito acad\u00e9mico que plantean como tem\u00e1tica principal el patrimonio de los Pirineos. Se premia al mejor TFG y TFM llevados a cabo en el curso anterior a la pertinente convocatoria.<\/p>\r\n<p>Asimismo, se reconocen los proyectos de investigaci\u00f3n in\u00e9ditos que tienen como eje central el patrimonio de los Pirineos. En este caso, el ganador recibe un apoyo financiero para desarrollar su investigaci\u00f3n.<\/p>\r\n","protected":false},"excerpt":{"rendered":"<p>Los Premios C\u00e0tedra Pirineus UdL tienen como objetivo reconocer los trabajos de investigaci\u00f3n realizados en el \u00e1mbito acad\u00e9mico que plantean como tem\u00e1tica principal el patrimonio de los Pirineos. Se premia al mejor TFG y TFM llevados a cabo en el curso anterior a la pertinente convocatoria. Asimismo, se reconocen los proyectos de investigaci\u00f3n in\u00e9ditos que [&hellip;]<\/p>\n","protected":false},"author":1,"featured_media":800,"parent":0,"menu_order":0,"comment_status":"closed","ping_status":"closed","template":"","meta":{"_acf_changed":false,"editor_notices":[],"footnotes":""},"class_list":["post-23","page","type-page","status-publish","has-post-thumbnail","hentry"],"acf":[],"_links":{"self":[{"href":"https:\/\/www.catedrapirineus.org\/es\/wp-json\/wp\/v2\/pages\/23","targetHints":{"allow":["GET"]}}],"collection":[{"href":"https:\/\/www.catedrapirineus.org\/es\/wp-json\/wp\/v2\/pages"}],"about":[{"href":"https:\/\/www.catedrapirineus.org\/es\/wp-json\/wp\/v2\/types\/page"}],"author":[{"embeddable":true,"href":"https:\/\/www.catedrapirineus.org\/es\/wp-json\/wp\/v2\/users\/1"}],"replies":[{"embeddable":true,"href":"https:\/\/www.catedrapirineus.org\/es\/wp-json\/wp\/v2\/comments?post=23"}],"version-history":[{"count":16,"href":"https:\/\/www.catedrapirineus.org\/es\/wp-json\/wp\/v2\/pages\/23\/revisions"}],"predecessor-version":[{"id":1626,"href":"https:\/\/www.catedrapirineus.org\/es\/wp-json\/wp\/v2\/pages\/23\/revisions\/1626"}],"wp:featuredmedia":[{"embeddable":true,"href":"https:\/\/www.catedrapirineus.org\/es\/wp-json\/wp\/v2\/media\/800"}],"wp:attachment":[{"href":"https:\/\/www.catedrapirineus.org\/es\/wp-json\/wp\/v2\/media?parent=23"}],"curies":[{"name":"wp","href":"https:\/\/api.w.org\/{rel}","templated":true}]}}